{"id":32,"date":"2016-11-26T19:30:00","date_gmt":"2016-11-26T18:30:00","guid":{"rendered":"https:\/\/www.ms-sro.sk\/?page_id=32"},"modified":"2024-11-26T22:49:18","modified_gmt":"2024-11-26T21:49:18","slug":"ms-s-r-o","status":"publish","type":"page","link":"https:\/\/www.ms-sro.sk\/","title":{"rendered":"MS s.r.o."},"content":{"rendered":"\n<p><strong>Vitajte na str\u00e1nkach spolo\u010dnosti <\/strong><strong>MS s.r.o.<\/strong><\/p>\n\n\n\n<div class=\"wp-block-columns is-layout-flex wp-container-core-columns-is-layout-9d6595d7 wp-block-columns-is-layout-flex\">\n<div class=\"wp-block-column is-layout-flow wp-block-column-is-layout-flow\" style=\"flex-basis:60%\">\n<p>Spolo\u010dnos\u0165 MS s.r.o. poskytuje zemn\u00e9 pr\u00e1ce na \u00fazem\u00ed cel\u00e9ho Slovenska. K na\u0161im prednostiam patr\u00ed flexibilita, spo\u013eahlivos\u0165 a kvalita poskytovan\u00fdch slu\u017eieb za dostupn\u00e9 ceny. Spolo\u010dnos\u0165 realizuje zemn\u00e9 pr\u00e1ce a n\u00e1kladn\u00fa dopravu. V\u010faka kvalifikovan\u00e9mu person\u00e1lu, vyspelej technike a mechanizmom si budujeme stabiln\u00fa poz\u00edciu v danej oblasti.<\/p>\n<\/div>\n\n\n\n<div class=\"wp-block-column is-layout-flow wp-block-column-is-layout-flow\">\n<figure class=\"wp-block-gallery has-nested-images columns-default is-cropped wp-block-gallery-1 is-layout-flex wp-block-gallery-is-layout-flex\">\n<figure class=\"wp-block-image size-large\"><img loading=\"lazy\" decoding=\"async\" width=\"480\" height=\"357\" data-id=\"33\" src=\"https:\/\/www.ms-sro.sk\/wp-content\/uploads\/2024\/11\/vykopove-prace.jpg\" alt=\"\" class=\"wp-image-33\" srcset=\"https:\/\/www.ms-sro.sk\/wp-content\/uploads\/2024\/11\/vykopove-prace.jpg 480w, https:\/\/www.ms-sro.sk\/wp-content\/uploads\/2024\/11\/vykopove-prace-300x223.jpg 300w\" sizes=\"auto, (max-width: 480px) 100vw, 480px\" \/><\/figure>\n<\/figure>\n<\/div>\n<\/div>\n","protected":false},"excerpt":{"rendered":"<p>Vitajte na str\u00e1nkach spolo\u010dnosti MS s.r.o. Spolo\u010dnos\u0165 MS s.r.o. poskytuje zemn\u00e9 pr\u00e1ce na \u00fazem\u00ed cel\u00e9ho Slovenska. K na\u0161im prednostiam patr\u00ed flexibilita, spo\u013eahlivos\u0165 a kvalita poskytovan\u00fdch slu\u017eieb za dostupn\u00e9 ceny. Spolo\u010dnos\u0165 realizuje zemn\u00e9 pr\u00e1ce a n\u00e1kladn\u00fa dopravu. V\u010faka kvalifikovan\u00e9mu person\u00e1lu, vyspelej technike a mechanizmom si budujeme stabiln\u00fa poz\u00edciu v danej oblasti.<\/p>\n","protected":false},"author":1,"featured_media":0,"parent":0,"menu_order":0,"comment_status":"closed","ping_status":"closed","template":"page-templates\/frontpage.php","meta":{"footnotes":""},"class_list":["post-32","page","type-page","status-publish","hentry"],"_links":{"self":[{"href":"https:\/\/www.ms-sro.sk\/index.php\/wp-json\/wp\/v2\/pages\/32","targetHints":{"allow":["GET"]}}],"collection":[{"href":"https:\/\/www.ms-sro.sk\/index.php\/wp-json\/wp\/v2\/pages"}],"about":[{"href":"https:\/\/www.ms-sro.sk\/index.php\/wp-json\/wp\/v2\/types\/page"}],"author":[{"embeddable":true,"href":"https:\/\/www.ms-sro.sk\/index.php\/wp-json\/wp\/v2\/users\/1"}],"replies":[{"embeddable":true,"href":"https:\/\/www.ms-sro.sk\/index.php\/wp-json\/wp\/v2\/comments?post=32"}],"version-history":[{"count":2,"href":"https:\/\/www.ms-sro.sk\/index.php\/wp-json\/wp\/v2\/pages\/32\/revisions"}],"predecessor-version":[{"id":35,"href":"https:\/\/www.ms-sro.sk\/index.php\/wp-json\/wp\/v2\/pages\/32\/revisions\/35"}],"wp:attachment":[{"href":"https:\/\/www.ms-sro.sk\/index.php\/wp-json\/wp\/v2\/media?parent=32"}],"curies":[{"name":"wp","href":"https:\/\/api.w.org\/{rel}","templated":true}]}}